{"id":13629,"date":"2024-06-17T16:24:11","date_gmt":"2024-06-17T13:24:11","guid":{"rendered":"https:\/\/cengez.com\/?page_id=13629"},"modified":"2024-06-17T17:32:26","modified_gmt":"2024-06-17T14:32:26","slug":"hakkimizda","status":"publish","type":"page","link":"https:\/\/cengez.com\/en\/hakkimizda\/","title":{"rendered":"About Us"},"content":{"rendered":"<div  class='flex_column av-1maek4d-fbbc9d46539597027ad43b74d23cccc3 av_one_half  avia-builder-el-0  el_before_av_one_half  avia-builder-el-first  first flex_column_div'     ><style type=\"text\/css\" data-created_by=\"avia_inline_auto\" id=\"style-css-av-lxj0dn3y-01772d4ac1897ee9d71e0948c30b6b64\">\n.avia-image-diff-container.av-lxj0dn3y-01772d4ac1897ee9d71e0948c30b6b64 .av-image-diff-handle{\nbox-shadow:0 0 12px rgba(51, 51, 51, 0.5);\n}\n.avia-image-diff-container.av-lxj0dn3y-01772d4ac1897ee9d71e0948c30b6b64 .av-image-diff-handle:before{\nbox-shadow:0 3px 0 #fff, 0px 0px 12px rgba(51, 51, 51, 0.5);\n}\n.avia-image-diff-container.av-lxj0dn3y-01772d4ac1897ee9d71e0948c30b6b64 .av-image-diff-handle:after{\nbox-shadow:0 3px 0 #fff, 0px 0px 12px rgba(51, 51, 51, 0.5);\n}\n<\/style>\n<div  class='avia-image-diff-container av-lxj0dn3y-01772d4ac1897ee9d71e0948c30b6b64 av-handle-vertical av-handle-circle av-handle-border btn-always-hide btn-style-rounded av-line-default avia-align-center  avia-builder-el-1  avia-builder-el-no-sibling' data-image_diff=\"{&quot;drag_start&quot;:&quot;&quot;}\"  itemprop=\"image\" itemscope=\"itemscope\" itemtype=\"https:\/\/schema.org\/ImageObject\" ><div class=\"av-image-diff-wrapper\"><img decoding=\"async\" fetchpriority=\"high\" class='wp-image-6055 avia-img-lazy-loading-not-6055 avia_image av-img-before' src=\"https:\/\/cengez.com\/wp-content\/uploads\/2022\/02\/AlbertEinstein.jpg\" alt='' title='AlbertEinstein'  height=\"1000\" width=\"1000\"  itemprop=\"thumbnailUrl\" srcset=\"https:\/\/cengez.com\/wp-content\/uploads\/2022\/02\/AlbertEinstein.jpg 1000w, https:\/\/cengez.com\/wp-content\/uploads\/2022\/02\/AlbertEinstein-300x300.jpg 300w, https:\/\/cengez.com\/wp-content\/uploads\/2022\/02\/AlbertEinstein-150x150.jpg 150w, https:\/\/cengez.com\/wp-content\/uploads\/2022\/02\/AlbertEinstein-768x768.jpg 768w\" sizes=\"(max-width: 1000px) 100vw, 1000px\" \/><img decoding=\"async\" fetchpriority=\"high\" class='wp-image-13516 avia-img-lazy-loading-not-13516 avia_image av-img-after' src=\"https:\/\/cengez.com\/wp-content\/uploads\/2024\/06\/webyazilimgelistirmealgoritmasi-1.webp\" alt='' title='webyaz\u0131l\u0131mgelistirmealgoritmas\u0131'  height=\"1000\" width=\"1000\"  itemprop=\"thumbnailUrl\" srcset=\"https:\/\/cengez.com\/wp-content\/uploads\/2024\/06\/webyazilimgelistirmealgoritmasi-1.webp 1024w, https:\/\/cengez.com\/wp-content\/uploads\/2024\/06\/webyazilimgelistirmealgoritmasi-1-300x300.webp 300w, https:\/\/cengez.com\/wp-content\/uploads\/2024\/06\/webyazilimgelistirmealgoritmasi-1-80x80.webp 80w, https:\/\/cengez.com\/wp-content\/uploads\/2024\/06\/webyazilimgelistirmealgoritmasi-1-768x768.webp 768w, https:\/\/cengez.com\/wp-content\/uploads\/2024\/06\/webyazilimgelistirmealgoritmasi-1-36x36.webp 36w, https:\/\/cengez.com\/wp-content\/uploads\/2024\/06\/webyazilimgelistirmealgoritmasi-1-180x180.webp 180w, https:\/\/cengez.com\/wp-content\/uploads\/2024\/06\/webyazilimgelistirmealgoritmasi-1-705x705.webp 705w\" sizes=\"(max-width: 1000px) 100vw, 1000px\" \/><div class=\"av-image-diff-overlay\"><span class=\"av-img-diff-label label-before\">1950<\/span><span class=\"av-img-diff-label label-after\">2024<\/span><\/div><div class=\"av-image-diff-handle\"><span class=\"av-handle-arrow av-handle-left-arrow\"><\/span><span class=\"av-handle-arrow av-handle-right-arrow\"><\/span><\/div><\/div><\/div><\/div>\n<div  class='flex_column av-15gbaal-3598a5ee894b5bde45f0f70b2ed13658 av_one_half  avia-builder-el-2  el_after_av_one_half  avia-builder-el-last  flex_column_div'     ><p>\n<style type=\"text\/css\" data-created_by=\"avia_inline_auto\" id=\"style-css-av-lxj0ge7h-3e85bb3393fcd0c6158f2bdc4190c623\">\n#top .av-special-heading.av-lxj0ge7h-3e85bb3393fcd0c6158f2bdc4190c623{\npadding-bottom:10px;\n}\nbody .av-special-heading.av-lxj0ge7h-3e85bb3393fcd0c6158f2bdc4190c623 .av-special-heading-tag .heading-char{\nfont-size:25px;\n}\n.av-special-heading.av-lxj0ge7h-3e85bb3393fcd0c6158f2bdc4190c623 .av-subheading{\nfont-size:15px;\n}\n<\/style>\n<div  class='av-special-heading av-lxj0ge7h-3e85bb3393fcd0c6158f2bdc4190c623 av-special-heading-h3  avia-builder-el-3  el_before_av_hr  avia-builder-el-first'><h3 class='av-special-heading-tag'  itemprop=\"headline\"  ><span class='special_amp'>\u201c<\/span>If I had an hour to save the world; I would spend fifty-five minutes defining the problem and the remaining five minutes finding the solution.<span class='special_amp'>&#8221;<\/span>  \u2013 Albert Einstein<\/h3><div class=\"special-heading-border\"><div class=\"special-heading-inner-border\"><\/div><\/div><\/div><br \/>\n<div  class='hr av-qep9a5-a74e0aef27955f2107ca4307fc102fb8 hr-default  avia-builder-el-4  el_after_av_heading  el_before_av_textblock'><span class='hr-inner'><span class=\"hr-inner-style\"><\/span><\/span><\/div><br \/>\n<section  class='av_textblock_section av-lxj0e5sx-5c9f494a021687ea3492e5b4a82fc2e0'   itemscope=\"itemscope\" itemtype=\"https:\/\/schema.org\/CreativeWork\" ><div class='avia_textblock'  itemprop=\"text\" ><p>Cengez Software is a company that was established in Izmir in 2022 and has proven itself in the software world in a short time. Our team, specialized in private web-based project development, mobile application development, and corporate identity design, aims to meet our customers' needs at the highest level by offering innovative solutions. Our philosophy is to blend technology with a human-centered approach, offering our customers projects that are both functional and high in aesthetic value.<\/p>\n<p>Every project for us is an opportunity to reflect our clients' vision. At Cengez Software, we look at each project not just as a job, but as a work of art. Our attention to detail, our commitment to developing solutions that maximize user experience, and our constant search for innovation are what set us apart in the industry. With the motto \"Bringing technology to people\", we help our customers make a difference in the digital world.<\/p>\n<p>Our corporate identity design services aim to create unique and eye-catching visual identities that reflect the soul and values of your brand. In our web and mobile application development processes, we offer reliable, scalable and user-friendly solutions using the latest technologies with our expert team. As Cengez Software, we are eager to be with you at every step and shape your digital transformation together.<\/p>\n<\/div><\/section><br \/>\n<div  class='avia-buttonrow-wrap av-lxj2py9l-9c1d86c44d7830810a7b274f2d01e756 avia-buttonrow-left  avia-builder-el-6  el_after_av_textblock  avia-builder-el-last'>\n\n<style type=\"text\/css\" data-created_by=\"avia_inline_auto\" id=\"style-css-av-lxj2p5y6-2d6952a0e17af3a18889c680bf976a47\">\n#top #wrap_all .avia-button.av-lxj2p5y6-2d6952a0e17af3a18889c680bf976a47{\nmargin-bottom:5px;\nmargin-right:5px;\n}\n<\/style>\n<a href='https:\/\/cengez.com\/en\/uzmanliklarimiz\/'  class='avia-button av-lxj2p5y6-2d6952a0e17af3a18889c680bf976a47 avia-icon_select-yes-left-icon avia-size-small avia-color-theme-color-highlight'   aria-label=\"Expertise\"><span class='avia_button_icon avia_button_icon_left avia-iconfont avia-font-entypo-fontello' data-av_icon='\ue80b' data-av_iconfont='entypo-fontello' ><\/span><span class='avia_iconbox_title' >Expertise<\/span><\/a>\n\n<style type=\"text\/css\" data-created_by=\"avia_inline_auto\" id=\"style-css-av-lxj2pjss-ec03ec4d26a959158288d0ab6f8bc878\">\n#top #wrap_all .avia-button.av-lxj2pjss-ec03ec4d26a959158288d0ab6f8bc878{\nmargin-bottom:5px;\nmargin-right:5px;\n}\n<\/style>\n<a href='https:\/\/cengez.com\/en\/iletisim\/'  class='avia-button av-lxj2pjss-ec03ec4d26a959158288d0ab6f8bc878 avia-icon_select-yes-left-icon avia-size-small avia-color-theme-color-highlight'   aria-label=\"Contact\"><span class='avia_button_icon avia_button_icon_left avia-iconfont avia-font-entypo-fontello' data-av_icon='\ue83c' data-av_iconfont='entypo-fontello' ><\/span><span class='avia_iconbox_title' >Contact<\/span><\/a>\n<\/div><\/p><\/div>","protected":false},"excerpt":{"rendered":"","protected":false},"author":1,"featured_media":0,"parent":0,"menu_order":0,"comment_status":"closed","ping_status":"closed","template":"","meta":{"footnotes":""},"class_list":["post-13629","page","type-page","status-publish","hentry"],"_links":{"self":[{"href":"https:\/\/cengez.com\/en\/wp-json\/wp\/v2\/pages\/13629","targetHints":{"allow":["GET"]}}],"collection":[{"href":"https:\/\/cengez.com\/en\/wp-json\/wp\/v2\/pages"}],"about":[{"href":"https:\/\/cengez.com\/en\/wp-json\/wp\/v2\/types\/page"}],"author":[{"embeddable":true,"href":"https:\/\/cengez.com\/en\/wp-json\/wp\/v2\/users\/1"}],"replies":[{"embeddable":true,"href":"https:\/\/cengez.com\/en\/wp-json\/wp\/v2\/comments?post=13629"}],"version-history":[{"count":7,"href":"https:\/\/cengez.com\/en\/wp-json\/wp\/v2\/pages\/13629\/revisions"}],"predecessor-version":[{"id":13773,"href":"https:\/\/cengez.com\/en\/wp-json\/wp\/v2\/pages\/13629\/revisions\/13773"}],"wp:attachment":[{"href":"https:\/\/cengez.com\/en\/wp-json\/wp\/v2\/media?parent=13629"}],"curies":[{"name":"wp","href":"https:\/\/api.w.org\/{rel}","templated":true}]}}