{"id":13635,"date":"2024-06-17T16:30:23","date_gmt":"2024-06-17T13:30:23","guid":{"rendered":"https:\/\/cengez.com\/?page_id=13635"},"modified":"2025-12-22T19:01:44","modified_gmt":"2025-12-22T16:01:44","slug":"iletisim","status":"publish","type":"page","link":"https:\/\/cengez.com\/en\/iletisim\/","title":{"rendered":"Contact"},"content":{"rendered":"<style type=\"text\/css\" data-created_by=\"avia_inline_auto\" id=\"style-css-av-lxj0ng7z-e1329636367f51b4e7e878438f778cee\">\n#top .av-special-heading.av-lxj0ng7z-e1329636367f51b4e7e878438f778cee{\npadding-bottom:10px;\n}\nbody .av-special-heading.av-lxj0ng7z-e1329636367f51b4e7e878438f778cee .av-special-heading-tag .heading-char{\nfont-size:25px;\n}\n.av-special-heading.av-lxj0ng7z-e1329636367f51b4e7e878438f778cee .av-subheading{\nfont-size:15px;\n}\n<\/style>\n<div  class='av-special-heading av-lxj0ng7z-e1329636367f51b4e7e878438f778cee av-special-heading-h3 blockquote modern-quote modern-centered  avia-builder-el-0  el_before_av_one_half  avia-builder-el-first'><h3 class='av-special-heading-tag'  itemprop=\"headline\"  >CONTACT<\/h3><div class=\"special-heading-border\"><div class=\"special-heading-inner-border\"><\/div><\/div><\/div>\n<div class='flex_column_table av-3deajer-9bd9c087819f5d7c804aee481c42a611 sc-av_one_half av-equal-height-column-flextable'><div  class='flex_column av-3deajer-9bd9c087819f5d7c804aee481c42a611 av_one_half  avia-builder-el-1  el_after_av_heading  el_before_av_one_half  first flex_column_table_cell av-equal-height-column av-align-top'     ><style type=\"text\/css\" data-created_by=\"avia_inline_auto\" id=\"style-css-av-lxj0l78x-5b7a209b35732e2ac32dfc8451c03b83\">\n#top .av_textblock_section.av-lxj0l78x-5b7a209b35732e2ac32dfc8451c03b83 .avia_textblock{\nfont-size:17px;\n}\n<\/style>\n<section  class='av_textblock_section av-lxj0l78x-5b7a209b35732e2ac32dfc8451c03b83'   itemscope=\"itemscope\" itemtype=\"https:\/\/schema.org\/CreativeWork\" ><div class='avia_textblock'  itemprop=\"text\" ><p><strong>\u0130stanbul<\/strong> Adres: 19 May\u0131s Mah. Halaskargazi Cad.\u00c7iftkurt Apt. Kat:7 No:226 \u015ei\u015fli &#8211; Mecidiyek\u00f6y\/\u0130stanbul<\/p>\n<p><strong>\u0130zmir<\/strong> Address: Donanmac\u0131, Ay\u015fe Aytop Apt, Do\u00e7. Dr. Bahriye \u00dc\u00e7ok Blv. No:4 D:2, 35530 Kar\u015f\u0131yaka\/Izmir\/Turkey<\/p>\n<p>Tel: +90 543 352 25 85<\/p>\n<p>E-mail: bilgi@cengez.com \/ cengezdijital@gmail.com<\/p>\n<\/div><\/section><\/div><div class='av-flex-placeholder'><\/div><div  class='flex_column av-2w5qfkz-38496790cdeb8635bfa2bef9aa1c9fec av_one_half  avia-builder-el-3  el_after_av_one_half  avia-builder-el-last  flex_column_table_cell av-equal-height-column av-align-top'     ><form action=\"https:\/\/cengez.com\/en\/iletisim\/\" method=\"post\" data-fields-with-error=\"Found errors in the following field(s):\" class=\"avia_ajax_form av-form-labels-visible   avia-builder-el-4  avia-builder-el-no-sibling\" data-avia-form-id=\"1\" data-avia-redirect='' data-trp-original-action=\"https:\/\/cengez.com\/en\/iletisim\/\" ><h3 class=''>Send Us Message<\/h3><fieldset><p class='first_form  form_element form_fullwidth' id='element_avia_1_1'><label for=\"avia_1_1\">Name <abbr class=\"required\" title=\"required\">*<\/abbr><\/label> <input name=\"avia_1_1\" class=\"text_input is_empty\" type=\"text\" id=\"avia_1_1\" value=\"\" \/><\/p><p class='first_form  form_element form_fullwidth' id='element_avia_2_1'><label for=\"avia_2_1\">E-mail <abbr class=\"required\" title=\"required\">*<\/abbr><\/label> <input name=\"avia_2_1\" class=\"text_input is_email\" type=\"text\" id=\"avia_2_1\" value=\"\" \/><\/p><p class='first_form  form_element form_fullwidth' id='element_avia_3_1'><label for=\"avia_3_1\">Subject <abbr class=\"required\" title=\"required\">*<\/abbr><\/label> <input name=\"avia_3_1\" class=\"text_input is_empty\" type=\"text\" id=\"avia_3_1\" value=\"\" \/><\/p><p class='first_form  form_element form_fullwidth' id='element_avia_4_1'><label for=\"avia_4_1\" class=\"textare_label hidden textare_label_avia_4_1\">Message <abbr class=\"required\" title=\"required\">*<\/abbr><\/label><textarea  name=\"avia_4_1\" class=\"text_area is_empty\" cols=\"40\" rows=\"7\" id=\"avia_4_1\" ><\/textarea><\/p><p class=\"hidden\"><input type=\"text\" name=\"avia_5_1\" class=\"hidden\" id=\"avia_5_1\" value=\"\" \/><\/p><p class='form_element form_fullwidth' id='element_avia_6_1'><span class='value_verifier_label'>2 + 6 = ?<\/span><input name=\"avia_6_1_verifier\" type=\"hidden\" id=\"avia_6_1_verifier\" value=\"766425787\"\/><label for=\"avia_6_1\">Please prove that you are human by solving the equation <abbr class=\"required\" title=\"required\">*<\/abbr><\/label><input name=\"avia_6_1\" class=\"text_input captcha\" type=\"text\" id=\"avia_6_1\" value=\"\"\/><\/p><p class=\"form_element\"><input type=\"hidden\" value=\"1\" name=\"avia_generated_form1\" \/><input type=\"submit\" value=\"Send\" class=\"button\"  data-sending-label=\"Sending\"\/><\/p><\/fieldset><input type=\"hidden\" name=\"trp-form-language\" value=\"en\"\/><\/form><div id=\"ajaxresponse_1\" class=\"ajaxresponse ajaxresponse_1 hidden\"><\/div><\/div><\/div><!--close column table wrapper. Autoclose: 1 --><\/p>","protected":false},"excerpt":{"rendered":"","protected":false},"author":1,"featured_media":0,"parent":0,"menu_order":0,"comment_status":"closed","ping_status":"closed","template":"","meta":{"footnotes":""},"class_list":["post-13635","page","type-page","status-publish","hentry"],"_links":{"self":[{"href":"https:\/\/cengez.com\/en\/wp-json\/wp\/v2\/pages\/13635","targetHints":{"allow":["GET"]}}],"collection":[{"href":"https:\/\/cengez.com\/en\/wp-json\/wp\/v2\/pages"}],"about":[{"href":"https:\/\/cengez.com\/en\/wp-json\/wp\/v2\/types\/page"}],"author":[{"embeddable":true,"href":"https:\/\/cengez.com\/en\/wp-json\/wp\/v2\/users\/1"}],"replies":[{"embeddable":true,"href":"https:\/\/cengez.com\/en\/wp-json\/wp\/v2\/comments?post=13635"}],"version-history":[{"count":10,"href":"https:\/\/cengez.com\/en\/wp-json\/wp\/v2\/pages\/13635\/revisions"}],"predecessor-version":[{"id":13904,"href":"https:\/\/cengez.com\/en\/wp-json\/wp\/v2\/pages\/13635\/revisions\/13904"}],"wp:attachment":[{"href":"https:\/\/cengez.com\/en\/wp-json\/wp\/v2\/media?parent=13635"}],"curies":[{"name":"wp","href":"https:\/\/api.w.org\/{rel}","templated":true}]}}