{"id":3,"date":"2022-02-10T19:51:12","date_gmt":"2022-02-10T19:51:12","guid":{"rendered":"https:\/\/cengez.com\/?page_id=3"},"modified":"2022-03-02T17:24:18","modified_gmt":"2022-03-02T14:24:18","slug":"gizlilik-ve-guvenlik-politikamiz","status":"publish","type":"page","link":"https:\/\/cengez.com\/en\/gizlilik-ve-guvenlik-politikamiz\/","title":{"rendered":"Our Privacy and Security Policy"},"content":{"rendered":"<h3><strong>G\u0130ZL\u0130L\u0130K VE G\u00dcVENL\u0130K POL\u0130T\u0130KAMIZ<\/strong><\/h3>\n<p><strong>A. Giri\u015f<\/strong><\/p>\n<ol>\n<li>\u0130nternet sitesi ziyaret\u00e7ilerimizin gizlili\u011fi bizim i\u00e7in \u00e7ok \u00f6nemlidir ve kendimizi onu korumaya adad\u0131k. Bu ilke, ki\u015fisel bilgileriniz ile ne yapaca\u011f\u0131m\u0131z\u0131 a\u00e7\u0131klar.<\/li>\n<li>Sitemizi ilk ziyaretinizde bu ilke kapsam\u0131nda \u00e7erezleri kullanmam\u0131za izin vermeniz, internet sitemizi her ziyaret etti\u011finizde \u00e7erezlerin kullan\u0131lmas\u0131na izin verir.<\/li>\n<\/ol>\n<p><strong>C. Ki\u015fisel bilgilerin toplanmas\u0131<\/strong><\/p>\n<p>A\u015fa\u011f\u0131daki t\u00fcrden ki\u015fisel bilgiler toplanabilir, saklanabilir ve kullan\u0131labilir:<\/p>\n<ol>\n<li>IP adresi, co\u011frafi konum, taray\u0131c\u0131 t\u00fcr\u00fc ve versiyonu ile i\u015fletim sistemi dahil bilgisayar\u0131n\u0131z hakk\u0131nda bilgiler;<\/li>\n<li>referans kaynak, ziyaret s\u00fcresi, sayfa g\u00f6r\u00fcnt\u00fclemeleri ve sitede gezinme yollar\u0131 dahil siteyi ziyaretiniz ve kullan\u0131m\u0131n\u0131z ile ilgili bilgiler;<\/li>\n<li>sitemize kay\u0131t olmak i\u00e7in verdi\u011finiz e-posta adresiniz gibi bilgiler;<\/li>\n<li>\u00f6rne\u011fin ad\u0131n\u0131z, profil resminiz, cinsiyetiniz, do\u011fum g\u00fcn\u00fcn\u00fcz, ili\u015fki durumunuz, ilgi alanlar\u0131n\u0131z ve hobileriniz, e\u011fitim ve \u00e7al\u0131\u015fma durumunuz gibi, sitemizde profil olu\u015ftururken verdi\u011finiz bilgiler;<\/li>\n<li>e-postalar\u0131m\u0131z ve\/veya b\u00fcltenlerimize abone olurken verdi\u011finiz ad ve e-posta adresi gibi bilgiler;<\/li>\n<li>sitemizdeki hizmetleri kullan\u0131rken girdi\u011finiz bilgiler;<\/li>\n<li>ne zaman, ne s\u0131kl\u0131kta ve hangi ko\u015fullarda kulland\u0131\u011f\u0131n\u0131z dahil, sitemizi kullan\u0131rken olu\u015fturulan bilgiler;<\/li>\n<li>ad\u0131n\u0131z, adresiniz, telefon numaran\u0131z, e-posta adresiniz ve kredi kart\u0131 bilgileriniz dahil, sitemiz \u00fczerinden sat\u0131n ald\u0131\u011f\u0131n\u0131z herhangi bir \u015fey, kulland\u0131\u011f\u0131n\u0131z bir hizmet veya ger\u00e7ekle\u015ftirdi\u011finiz bir aktar\u0131m ile ilgili bilgiler;<\/li>\n<li>kullan\u0131c\u0131 ad\u0131n\u0131z, profil resminiz ve g\u00f6nderinizin i\u00e7eri\u011fi dahil, sitemizi kullanarak internette payla\u015fmak amac\u0131yla sitemize g\u00f6nderdi\u011finiz bilgiler;<\/li>\n<li>ileti\u015fim i\u00e7erikleri ve \u00fcst veriler dahil, sitemiz veya e-posta yoluyla g\u00f6nderdi\u011finiz her t\u00fcrl\u00fc ileti\u015fim i\u00e7erikleri;<\/li>\n<li>bize g\u00f6nderdi\u011finiz di\u011fer t\u00fcm ki\u015fisel bilgiler.<\/li>\n<\/ol>\n<p>Bize ba\u015fka bir ki\u015finin ki\u015fisel bilgilerini iletmeden \u00f6nce, o ki\u015finin bilgilerin payla\u015f\u0131laca\u011f\u0131na ve bu ilkeye uygun olarak i\u015flenece\u011fine dair onay\u0131n\u0131 alman\u0131z gerekir.<\/p>\n<p><strong>D. Ki\u015fisel bilgilerinizin kullan\u0131lmas\u0131<\/strong><\/p>\n<p>Sitemiz \u00fczerinden bize g\u00f6nderilen ki\u015fisel bilgiler bu ilkede veya sitenin ilgili sayfalar\u0131nda belirtilen ama\u00e7lar i\u00e7in kullan\u0131lacakt\u0131r. Ki\u015fisel bilgilerinizi \u015fu ama\u00e7lar i\u00e7in kullanabiliriz:<\/p>\n<ol>\n<li>sitemizi ve i\u015fletmemizi y\u00f6netmek;<\/li>\n<li>sitemizi sizin i\u00e7in ki\u015fiselle\u015ftirmek;<\/li>\n<li>sitemizdeki hizmetleri kullanman\u0131z\u0131 sa\u011flamak;<\/li>\n<li>sitemizden sat\u0131n ald\u0131\u011f\u0131n\u0131z \u00fcr\u00fcnleri size g\u00f6ndermek;<\/li>\n<li>sitemizden sat\u0131n al\u0131nan hizmetleri temin etmek;<\/li>\n<li>size bildirim, fatura ve \u00f6deme hat\u0131rlat\u0131c\u0131lar\u0131 g\u00f6ndermek ve sizden \u00f6deme almak;<\/li>\n<li>sizinle pazarlama harici ticari ileti\u015fim kurmak;<\/li>\n<li>size \u00f6zellikle talep etti\u011finiz e-posta bildirimlerini g\u00f6ndermek;<\/li>\n<li>talep ettiyseniz size e-posta b\u00fcltenimizi g\u00f6ndermek (b\u00fclteni istemiyorsan\u0131z bize her an bildirebilirsiniz);<\/li>\n<li>size i\u015fletmemiz veya \u00f6zenle se\u00e7ilmi\u015f \u00fc\u00e7\u00fcnc\u00fc taraf i\u015fletmeler taraf\u0131ndan, i\u015finize yarayaca\u011f\u0131n\u0131 d\u00fc\u015f\u00fcnd\u00fc\u011f\u00fcm\u00fcz pazarlama i\u00e7eriklerini \u00f6zellikle kabul etti\u011finiz takdirde posta, e-posta veya benzer teknolojilerle g\u00f6ndermek (pazarlama i\u00e7eriklerini istemiyorsan\u0131z bize her an bildirebilirsiniz);<\/li>\n<li>\u00fc\u00e7\u00fcnc\u00fc taraflara kullan\u0131c\u0131lar\u0131m\u0131z hakk\u0131nda istatistiksel bilgiler sunmak (ancak bu \u00fc\u00e7\u00fcnc\u00fc taraflar bu bilgileri kullanarak hi\u00e7bir kullan\u0131c\u0131n\u0131n kimli\u011fini belirleyemezler);<\/li>\n<li>sitemizle ilgili sizin taraf\u0131n\u0131zdan veya sizinle ilgili yap\u0131lan \u015fikayetleri ve talepleri \u00e7\u00f6zmek;<\/li>\n<li>sitemizi g\u00fcvenli tutmak ve doland\u0131r\u0131c\u0131l\u0131\u011f\u0131 \u00f6nlemek;<\/li>\n<li>internet sitemizin, ilgili \u015fartlar ve ko\u015fullara uygun olarak kullan\u0131ld\u0131\u011f\u0131n\u0131 do\u011frulamak (sitemizdeki \u00f6zel mesaj hizmeti ile g\u00f6nderilen mesajlar\u0131 izlemek dahil) ve<\/li>\n<li>di\u011fer ama\u00e7lar i\u00e7in.<\/li>\n<\/ol>\n<p>Sitemizde yay\u0131nlanmas\u0131 i\u00e7in ki\u015fisel bilgiler g\u00f6nderirseniz, bu bilgileri yay\u0131nlar\u0131z veya bize sundu\u011funuz lisans kapsam\u0131nda kullanabiliriz.<\/p>\n<p>Gizlilik ayarlar\u0131n\u0131z sitemizde bilgilerinizin yay\u0131nlanmas\u0131n\u0131 s\u0131n\u0131rland\u0131rabilir ve sitedeki gizlilik kontrolleri \u00fczerinden de\u011fi\u015ftirilebilir.<\/p>\n<p>A\u00e7\u0131k\u00e7a izin vermedi\u011finiz s\u00fcrece ki\u015fisel bilgilerinizi hi\u00e7bir \u00fc\u00e7\u00fcnc\u00fc tarafa veya di\u011fer \u00fc\u00e7\u00fcnc\u00fc taraflar\u0131n do\u011frudan pazarlama b\u00f6l\u00fcmlerine iletmeyece\u011fiz.<\/p>\n<p><strong>E. Ki\u015fisel bilgilerin payla\u015f\u0131lmas\u0131<\/strong><\/p>\n<p>Ki\u015fisel bilgilerinizi \u00e7al\u0131\u015fanlar\u0131m\u0131za, g\u00f6revlilerimize, sigortac\u0131lar\u0131m\u0131za, profesyonel dan\u0131\u015fmanlar\u0131m\u0131za, ajanslar\u0131m\u0131za, tedarik\u00e7ilerimize veya ta\u015feronlar\u0131m\u0131za, bu ilkede belirtilen ama\u00e7lar gerektirdi\u011fi s\u00fcrece iletebiliriz.<\/p>\n<p>Ki\u015fisel bilgilerinizi \u015firketler grubumuzun t\u00fcm \u00fcyelerine (i\u015ftiraklerimiz, \u00fcst holding \u015firketimiz ve onun i\u015ftirakleri anlam\u0131na gelir), bu ilkede belirtilen ama\u00e7lar gerektirdi\u011fi s\u00fcrece iletebiliriz.<\/p>\n<p>Ki\u015fisel bilgilerinizi \u015fu durumlarda payla\u015fabiliriz:<\/p>\n<ol>\n<li>yasal olarak gerekti\u011fi durumlarda;<\/li>\n<li>devam eden veya olas\u0131 yasal s\u00fcre\u00e7lerle ilgili olarak;<\/li>\n<li>kendi yasal haklar\u0131m\u0131z\u0131 korumak, uygulamak ve savunmak i\u00e7in (doland\u0131r\u0131c\u0131l\u0131\u011f\u0131 \u00f6nleme ve kredi riskini azaltmak amac\u0131yla bilgileri di\u011ferlerine iletmek dahil);<\/li>\n<li>satt\u0131\u011f\u0131m\u0131z (veya satmay\u0131 d\u00fc\u015f\u00fcnd\u00fc\u011f\u00fcm\u00fcz) t\u00fcm i\u015fletme ve varl\u0131klar\u0131n al\u0131c\u0131lar\u0131na (veya potansiyel al\u0131c\u0131lar\u0131na) ve<\/li>\n<li>ki\u015fisel bilgilerin a\u00e7\u0131klanmas\u0131 i\u00e7in mahkemeye ba\u015fvurabilece\u011fine inand\u0131\u011f\u0131m\u0131z bir ki\u015fiye, ba\u015fvurmas\u0131 halinde mahkemenin veya yetkili ki\u015fi ve kurumlar\u0131n ki\u015fisel bilgilerin a\u00e7\u0131klanmas\u0131 y\u00f6n\u00fcnde karar verece\u011fine dair makul g\u00f6r\u00fc\u015flerimiz olmas\u0131 halinde.<\/li>\n<\/ol>\n<p>Bu ilkede belirtilen durumlar haricinde, ki\u015fisel bilgilerinizi \u00fc\u00e7\u00fcnc\u00fc taraflarla payla\u015fmay\u0131z.<\/p>\n<p><strong>F. Uluslararas\u0131 veri transferleri<\/strong><\/p>\n<ol>\n<li>Toplad\u0131\u011f\u0131m\u0131z bilgiler, bu ilkede belirtilen ama\u00e7lar do\u011frultusunda kullan\u0131lmak \u00fczere faaliyet g\u00f6sterdi\u011fimiz \u00fclkeler aras\u0131nda aktar\u0131labilir, bu \u00fclkelerde saklanabilir ve i\u015flenebilir.<\/li>\n<li>Toplad\u0131\u011f\u0131m\u0131z bilgiler, Avrupa Ekonomik B\u00f6lgesi\u2019ndekine denk veri koruma yasalar\u0131 olmayan \u015fu \u00fclkelere aktar\u0131labilir: Amerika Birle\u015fik Devletleri, Rusya, Japonya, \u00c7in ve Hindistan.<\/li>\n<li>\u0130nternet sitemizde payla\u015ft\u0131\u011f\u0131n\u0131z veya payla\u015f\u0131lmas\u0131 i\u00e7in g\u00f6nderdi\u011finiz bilgilere internet sitemiz \u00fczerinden t\u00fcm d\u00fcnyadan eri\u015filebilir. Bu bilgilerin di\u011ferleri taraf\u0131ndan istismar edilmesini \u00f6nleyemeyiz.<\/li>\n<li>B\u00f6l\u00fcm F\u2019de belirtilen ki\u015fisel bilgilerin aktar\u0131lmas\u0131n\u0131 a\u00e7\u0131k\u00e7a kabul etmi\u015f say\u0131l\u0131rs\u0131n\u0131z.<\/li>\n<\/ol>\n<p><strong>G. Ki\u015fisel bilgilerin saklanmas\u0131<\/strong><\/p>\n<ol>\n<li>B\u00f6l\u00fcm G, ki\u015fisel bilgilerin saklanmas\u0131 ve silinmesi ile ilgili yasal y\u00fck\u00fcml\u00fcl\u00fcklerimizi yerine getirdi\u011fimizden emin olmak i\u00e7in tasarlanan veri saklama ilkeleri ve prosed\u00fcrlerini belirtir.<\/li>\n<li>\u0130\u015fledi\u011fimiz ki\u015fisel bilgiler, belirtilen ama\u00e7 veya ama\u00e7lar\u0131n gerektirdi\u011finden daha uzun s\u00fcre saklanamaz.<\/li>\n<li>Madde G-2\u2019yi etkilememek \u00fczere, a\u015fa\u011f\u0131da belirtilen kategorilere dahil olan verileri ki\u015fisel bilgileri genellikle a\u015fa\u011f\u0131da belirtilen tarih\/saatte sileriz:\n<ol type=\"a\">\n<li>ki\u015fisel veri t\u00fcr\u00fc g\u00fcn sonu ve<\/li>\n<li>saat 00:00 da silinecektir.<\/li>\n<\/ol>\n<\/li>\n<li>B\u00f6l\u00fcm G\u2019deki di\u011fer h\u00fck\u00fcmlere ba\u011fl\u0131 olmaks\u0131z\u0131n ki\u015fisel veri i\u00e7eren dok\u00fcmanlar\u0131 (elektronik dok\u00fcmanlar dahil) saklar\u0131z:\n<ol type=\"a\">\n<li>yasal olarak gerekti\u011fi durumlarda;<\/li>\n<li>dok\u00fcmanlar\u0131n s\u00fcren veya olas\u0131 yasal s\u00fcre\u00e7lerle ilgili oldu\u011funu d\u00fc\u015f\u00fcnd\u00fc\u011f\u00fcm\u00fcz hallerde ve<\/li>\n<li>kendi yasal haklar\u0131m\u0131z\u0131 korumak, uygulamak ve savunmak i\u00e7in (doland\u0131r\u0131c\u0131l\u0131\u011f\u0131 \u00f6nleme ve kredi riskini azaltmak amac\u0131yla bilgileri di\u011ferlerine iletmek dahil).<\/li>\n<\/ol>\n<\/li>\n<\/ol>\n<p><strong>H. Ki\u015fisel bilgilerinizin g\u00fcvenli\u011fi<\/strong><\/p>\n<ol>\n<li>Ki\u015fisel verilerinizin kaybolmas\u0131, istismar edilmesi veya de\u011fi\u015ftirilmesini \u00f6nlemek i\u00e7in makul teknik ve organizasyonel \u00f6nlemler al\u0131r\u0131z.<\/li>\n<li>T\u00fcm ki\u015fisel bilgilerinizi g\u00fcvenli (\u015fifre ve g\u00fcvenlik duvar\u0131 korumal\u0131) sunucularda saklar\u0131z.<\/li>\n<li>Sitemiz \u00fczerinden ger\u00e7ekle\u015ftirilen t\u00fcm finansal aktar\u0131mlar \u015fifreleme teknolojisi ile korunmaktad\u0131r.<\/li>\n<li>\u0130nternet \u00fczerinden veri aktar\u0131m\u0131n\u0131n internetin do\u011fas\u0131 gere\u011fi g\u00fcvenli olmad\u0131\u011f\u0131n\u0131 ve internet \u00fczerinden g\u00f6nderilen verilerin g\u00fcvenli\u011fini garanti edemeyece\u011fimizi kabul etmi\u015f say\u0131l\u0131rs\u0131n\u0131z.<\/li>\n<li>Sitemize eri\u015fmek i\u00e7in kulland\u0131\u011f\u0131n\u0131z \u015fifreyi gizli tutmak sizin sorumlulu\u011funuzdad\u0131r, sizden \u015fifrenizi vermenizi istemeyiz (sitemize giri\u015f yapman\u0131z haricinde).<\/li>\n<\/ol>\n<p><strong>I. De\u011fi\u015fiklikler<\/strong><\/p>\n<p>Bu ilkeyi zaman zaman de\u011fi\u015ftirerek yeni versiyonu internet sitemizde yay\u0131mlayabiliriz. Bu ilkedeki olas\u0131 de\u011fi\u015fiklikleri anlad\u0131\u011f\u0131n\u0131zdan emin olmak i\u00e7in bu sayfay\u0131 zaman zaman kontrol etmelisiniz. Bu ilkedeki de\u011fi\u015fiklikleri size e-posta veya sitemizdeki \u00f6zel mesajla\u015fma sistemi yoluyla bildirebiliriz.<\/p>\n<p><strong>J. Haklar\u0131n\u0131z<\/strong><\/p>\n<p>Sizin hakk\u0131n\u0131zda saklad\u0131\u011f\u0131m\u0131z bilgileri size iletmemizi talep edebilirsiniz; bu bilgileri temin etmek i\u00e7in a\u015fa\u011f\u0131dakiler gereklidir:<\/p>\n<ol>\n<li>\u00fccretsiz ve<\/li>\n<li>kimli\u011finizi kan\u0131tlayan belgeler sunman\u0131z (bu ama\u00e7la genellikle pasaportunuzun noter onayl\u0131 bir kopyas\u0131n\u0131 ve mevcut adresinizi g\u00f6steren bir faturay\u0131 kabul ederiz).<\/li>\n<\/ol>\n<p>Talep etti\u011finiz bilgileri yasalar\u0131n izin verdi\u011fi \u00f6l\u00e7\u00fcde saklayabiliriz.<\/p>\n<p>Bize, herhangi bir anda ki\u015fisel bilgilerinizi pazarlama ama\u00e7lar\u0131 ile kullanmamam\u0131z talimat\u0131n\u0131 verebilirsiniz.<\/p>\n<p>Pratikte, ki\u015fisel bilgilerinizi pazarlama ama\u00e7lar\u0131 ile kullanmam\u0131z\u0131 \u00f6nceden a\u00e7\u0131k\u00e7a kabul etmi\u015f olursunuz ya da biz size ki\u015fisel bilgilerinizi pazarlama ama\u00e7lar\u0131yla kullan\u0131lmamas\u0131n\u0131 tercih etme se\u00e7ene\u011fi sunar\u0131z.<\/p>\n<p><strong>K. \u00dc\u00e7\u00fcnc\u00fc taraf internet siteleri<\/strong><\/p>\n<p>Sitemizde \u00fc\u00e7\u00fcnc\u00fc taraf sitelere ba\u011flant\u0131lar ve detaylar bulunur. \u00dc\u00e7\u00fcnc\u00fc taraflar\u0131n gizlilik ilkeleri ve uygulamalar\u0131 \u00fczerinde herhangi bir kontrol yetkimiz yoktur ve bunlardan sorumlu tutulamay\u0131z.<\/p>\n<p><strong>L. Bilgilerin g\u00fcncellenmesi<\/strong><\/p>\n<p>Hakk\u0131n\u0131zdaki ki\u015fisel bilgilerin d\u00fczeltilmesi veya g\u00fcncellenmesi gerekti\u011finde l\u00fctfen bize bildirin.<\/p>\n<p><strong>M. \u00c7erezler<\/strong><\/p>\n<p>\u0130nternet sitemiz \u00e7erezleri kullan\u0131r. \u00c7erez, a\u011f sunucusu taraf\u0131ndan sunucuya g\u00f6nderilen ve sunucuda saklanan, tan\u0131mlay\u0131c\u0131 (harfler ve say\u0131lardan olu\u015fan bir kod dizisi) i\u00e7eren bir dosyad\u0131r. Daha sonra taray\u0131c\u0131 sunucudan her sayfa talep etti\u011finde tan\u0131mlay\u0131c\u0131 sunucuya geri g\u00f6nderilir. \u00c7erezler \u201ckal\u0131c\u0131\u201d veya \u201coturum\u201d \u00e7erezleri olabilir: Kal\u0131c\u0131 \u00e7erez, kullan\u0131c\u0131 taraf\u0131ndan son kullan\u0131m tarihine kadar silinmedi\u011fi takdirde taray\u0131c\u0131 taraf\u0131ndan saklan\u0131r ve son kullan\u0131m tarihinde silinir; oturum \u00e7erezi ise kullan\u0131c\u0131 oturumunun sonunda taray\u0131c\u0131 kapat\u0131ld\u0131\u011f\u0131nda silinir. \u00c7erezler kullan\u0131c\u0131y\u0131 tan\u0131mlamakta kullan\u0131labilecek bilgileri i\u00e7ermezler, ancak sizin hakk\u0131n\u0131zda saklad\u0131\u011f\u0131m\u0131z bilgiler, \u00e7erezlerdeki veriler ile ili\u015fkilendirilebilir. \u0130nternet sitemizde sadece oturum \u00e7erezleri kullan\u0131r\u0131z.}<\/p>\n<ol>\n<li>\u0130nternet sitemizde kulland\u0131\u011f\u0131m\u0131z \u00e7erezlerin adlar\u0131 ve kullan\u0131m ama\u00e7lar\u0131 a\u015fa\u011f\u0131da belirtilmi\u015ftir:\n<ol type=\"a\">\n<li>kullan\u0131c\u0131 internet sitesini ziyaret etti\u011finde amac\u0131 tan\u0131mlama<\/li>\n<\/ol>\n<\/li>\n<li>\u00c7o\u011fu taray\u0131c\u0131 \u00e7erez kullan\u0131m\u0131n\u0131 reddetmenizi sa\u011flar. \u00d6rne\u011fin:\n<ol type=\"a\">\n<li>Internet Explorer\u2019da (s\u00fcr\u00fcm 10), \u201cAra\u00e7lar\u201d, \u201c\u0130nternet Se\u00e7enekleri\u201d, \u201cGizlilik\u201d ve ard\u0131ndan \u201cGeli\u015fmi\u015f\u201d \u00fczerine t\u0131klayarak \u00e7erez kullan\u0131m\u0131n\u0131 ge\u00e7ersiz k\u0131lma \u00f6zelli\u011fi ile \u00e7erezleri engelleyebilirsiniz;<\/li>\n<li>Firefox\u2019ta (s\u00fcr\u00fcm 24), \u201cAra\u00e7lar\u201d, \u201cSe\u00e7enekler\u201d, \u201cGizlilik\u201d \u00fczerine t\u0131klad\u0131ktan sonra a\u00e7\u0131l\u0131r men\u00fcden \u201cGe\u00e7mi\u015f i\u00e7in \u00f6zel ayarlar\u0131 kullan\u201d se\u00e7ene\u011fini se\u00e7tikten sonra \u201cSitelerden \u00e7erezleri kabul et\u201d onay kutucu\u011fundaki i\u015fareti kald\u0131rarak t\u00fcm \u00e7erezleri engelleyebilirsiniz ve<\/li>\n<li>Chrome\u2019da (s\u00fcr\u00fcm 29) \u201c\u00d6zelle\u015ftirme ve kontrol\u201d men\u00fcs\u00fcne eri\u015ftikten sonra \u201cAyarlar\u201d, \u201cGeli\u015fmi\u015f ayarlar\u0131 g\u00f6ster\u201d ve \u201c\u0130\u00e7erik ayarlar\u0131\u201d \u00fczerine t\u0131klay\u0131p, \u201c\u00c7erezler\u201d ba\u015fl\u0131\u011f\u0131 alt\u0131nda \u201cSitelerin veri ayarlamas\u0131n\u0131 engelle\u201d se\u00e7ene\u011fini se\u00e7erek t\u00fcm \u00e7erezleri engelleyebilirsiniz.<\/li>\n<\/ol>\n<\/li>\n<\/ol>\n<p>T\u00fcm \u00e7erezleri engellemek, bir\u00e7ok internet sitesinin kullan\u0131labilirli\u011fini k\u0131s\u0131tlayacakt\u0131r. \u00c7erezleri engellerseniz, sitemizdeki \u00f6zelliklerin t\u00fcm\u00fcn\u00fc kullanamazs\u0131n\u0131z.<\/p>\n<ol start=\"3\">\n<li>Bilgisayar\u0131n\u0131zda saklanan \u00e7erezleri silebilirsiniz. \u00d6rne\u011fin:\n<ol type=\"a\">\n<li>Firefox\u2019ta (s\u00fcr\u00fcm 24) \u201cAra\u00e7lar\u201d, \u201cSe\u00e7enekler\u201d ve \u201cGizlilik\u201d \u00fczerine t\u0131klad\u0131ktan sonra \u201cGe\u00e7mi\u015f i\u00e7in \u00f6zel ayarlar\u0131 kullan\u201d se\u00e7ene\u011fini se\u00e7ip \u201c\u00c7erezleri g\u00f6ster\u201d ve ard\u0131ndan \u201cT\u00fcm \u00e7erezleri sil\u201d \u00fczerine t\u0131klayarak t\u00fcm \u00e7erezleri silebilirsiniz.<\/li>\n<li>Chrome\u2019da (s\u00fcr\u00fcm 29) \u201c\u00d6zelle\u015ftirme ve kontrol\u201d men\u00fcs\u00fcne eri\u015ftikten sonra \u201cAyarlar\u201d, \u201cGeli\u015fmi\u015f ayarlar\u0131 g\u00f6ster\u201d ve \u201cTarama verilerini temizle\u201d \u00fczerine t\u0131klad\u0131ktan sonra \u201c\u00c7erezleri ve di\u011fer site eklenti verilerini sil\u201d se\u00e7ene\u011fini se\u00e7ip \u201cTarama verilerini temizle\u201d \u00fczerine t\u0131klayarak t\u00fcm \u00e7erezleri silebilirsiniz.<\/li>\n<\/ol>\n<\/li>\n<li>\u00c7erezleri silmek, bir\u00e7ok internet sitesinin kullan\u0131labilirli\u011fini k\u0131s\u0131tlayacakt\u0131r.<\/li>\n<\/ol>","protected":false},"excerpt":{"rendered":"<p>G\u0130ZL\u0130L\u0130K VE G\u00dcVENL\u0130K POL\u0130T\u0130KAMIZ A. Giri\u015f \u0130nternet sitesi ziyaret\u00e7ilerimizin gizlili\u011fi bizim i\u00e7in \u00e7ok \u00f6nemlidir ve kendimizi onu korumaya adad\u0131k. Bu ilke, ki\u015fisel bilgileriniz ile ne yapaca\u011f\u0131m\u0131z\u0131 a\u00e7\u0131klar. Sitemizi ilk ziyaretinizde bu ilke kapsam\u0131nda \u00e7erezleri kullanmam\u0131za izin vermeniz, internet sitemizi her ziyaret etti\u011finizde \u00e7erezlerin kullan\u0131lmas\u0131na izin verir. C. Ki\u015fisel bilgilerin toplanmas\u0131 A\u015fa\u011f\u0131daki t\u00fcrden ki\u015fisel bilgiler toplanabilir, [&hellip;]<\/p>\n","protected":false},"author":1,"featured_media":0,"parent":0,"menu_order":0,"comment_status":"closed","ping_status":"open","template":"","meta":{"footnotes":""},"class_list":["post-3","page","type-page","status-publish","hentry"],"_links":{"self":[{"href":"https:\/\/cengez.com\/en\/wp-json\/wp\/v2\/pages\/3","targetHints":{"allow":["GET"]}}],"collection":[{"href":"https:\/\/cengez.com\/en\/wp-json\/wp\/v2\/pages"}],"about":[{"href":"https:\/\/cengez.com\/en\/wp-json\/wp\/v2\/types\/page"}],"author":[{"embeddable":true,"href":"https:\/\/cengez.com\/en\/wp-json\/wp\/v2\/users\/1"}],"replies":[{"embeddable":true,"href":"https:\/\/cengez.com\/en\/wp-json\/wp\/v2\/comments?post=3"}],"version-history":[{"count":0,"href":"https:\/\/cengez.com\/en\/wp-json\/wp\/v2\/pages\/3\/revisions"}],"wp:attachment":[{"href":"https:\/\/cengez.com\/en\/wp-json\/wp\/v2\/media?parent=3"}],"curies":[{"name":"wp","href":"https:\/\/api.w.org\/{rel}","templated":true}]}}